{"id":63,"date":"2015-10-29T11:22:44","date_gmt":"2015-10-29T15:22:44","guid":{"rendered":"http:\/\/cmc.info.yorku.ca\/?page_id=63"},"modified":"2020-03-09T14:37:57","modified_gmt":"2020-03-09T18:37:57","slug":"a-contacter","status":"publish","type":"page","link":"https:\/\/cmc.info.yorku.ca\/fr\/a-contacter\/","title":{"rendered":"\u00c0 Contacter"},"content":{"rendered":"<p><strong>Adresse<\/strong> <strong>:<\/strong><\/p>\n<p>The Canada-Mediterranean Centre<br \/>\nN706 Ross Building<br \/>\nD\u00e9partement d\u2019\u00e9tudes fran\u00e7aises<br \/>\nYork University<br \/>\n4700 Keele Street<br \/>\nToronto, ON<br \/>\nM3J 1P3<\/p>\n<p><em><a href=\"http:\/\/cmc.info.yorku.ca\/files\/2015\/10\/HBpic3.jpg\"><img decoding=\"async\" loading=\"lazy\" class=\"wp-image-242 alignleft\" src=\"http:\/\/cmc.info.yorku.ca\/files\/2015\/10\/HBpic3-203x300.jpg\" alt=\"HBpic3\" width=\"133\" height=\"197\" srcset=\"https:\/\/cmc.info.yorku.ca\/files\/2015\/10\/HBpic3-203x300.jpg 203w, https:\/\/cmc.info.yorku.ca\/files\/2015\/10\/HBpic3.jpg 684w\" sizes=\"(max-width: 133px) 100vw, 133px\" \/><\/a><\/em><\/p>\n<p><em>Founding Member:<\/em><\/p>\n<p>H\u00e9di Bouraoui<br \/>\nUniversity Professor Emeritus<br \/>\n(416) 736 2100 ext. 77323<br \/>\n<a href=\"mailto:bouraoui@yorku.ca\">bouraoui@yorku.ca<\/a><br \/>\n<a href=\"http:\/\/hedibouraoui.info.yorku.ca\">hedibouraoui.info.yorku.ca<\/a><\/p>\n<p>&nbsp;<\/p>\n<p><em><a href=\"http:\/\/cmc.info.yorku.ca\/files\/2015\/10\/Bettywebsite2.jpg\"><img decoding=\"async\" loading=\"lazy\" class=\" wp-image-303 alignleft\" src=\"http:\/\/cmc.info.yorku.ca\/files\/2015\/10\/Bettywebsite2.jpg\" alt=\"Bettywebsite2\" width=\"147\" height=\"171\"><\/a>Directrice<\/em><\/p>\n<p>Elizabeth Sabiston<br \/>\nProfessor, English<br \/>\n(416) 736-2100 ext. 44757<br \/>\n<a href=\"mailto:sabiston@yorku.ca\">sabiston@yorku.ca<\/a><\/p>\n<p>&nbsp;<\/p>\n<p><em><a href=\"http:\/\/cmc.info.yorku.ca\/files\/2015\/10\/JessicaWebsite1.jpg\"><img decoding=\"async\" loading=\"lazy\" class=\"wp-image-197 alignleft\" src=\"http:\/\/cmc.info.yorku.ca\/files\/2015\/10\/JessicaWebsite1-300x280.jpg\" alt=\"JessicaWebsite1\" width=\"134\" height=\"125\" srcset=\"https:\/\/cmc.info.yorku.ca\/files\/2015\/10\/JessicaWebsite1-300x280.jpg 300w, https:\/\/cmc.info.yorku.ca\/files\/2015\/10\/JessicaWebsite1-724x676.jpg 724w\" sizes=\"(max-width: 134px) 100vw, 134px\" \/><\/a>Assistante \u00e0 la directrice<\/em><br \/>\nJessica Abraham<br \/>\n(416) 736-2100 ext. 31004<br \/>\n<a href=\"mailto:cmc@yorku.ca\">cmc@yorku.ca<\/a><\/p>\n<p>&nbsp;<\/p>\n<p><em>&nbsp;<\/em><\/p>\n","protected":false},"excerpt":{"rendered":"<p>Adresse : The Canada-Mediterranean Centre N706 Ross Building D\u00e9partement d\u2019\u00e9tudes fran\u00e7aises York University 4700 Keele Street Toronto, ON M3J 1P3 Founding Member: H\u00e9di Bouraoui University Professor Emeritus (416) 736 2100 ext. 77323 bouraoui@yorku.ca hedibouraoui.info.yorku.ca &nbsp; Directrice Elizabeth Sabiston Professor, English (416) 736-2100 ext. 44757 sabiston@yorku.ca &nbsp; Assistante \u00e0 la directrice Jessica Abraham (416) 736-2100 ext. [&hellip;]<\/p>\n","protected":false},"author":624,"featured_media":0,"parent":0,"menu_order":0,"comment_status":"closed","ping_status":"closed","template":"","meta":{"ngg_post_thumbnail":0},"_links":{"self":[{"href":"https:\/\/cmc.info.yorku.ca\/fr\/wp-json\/wp\/v2\/pages\/63"}],"collection":[{"href":"https:\/\/cmc.info.yorku.ca\/fr\/wp-json\/wp\/v2\/pages"}],"about":[{"href":"https:\/\/cmc.info.yorku.ca\/fr\/wp-json\/wp\/v2\/types\/page"}],"author":[{"embeddable":true,"href":"https:\/\/cmc.info.yorku.ca\/fr\/wp-json\/wp\/v2\/users\/624"}],"replies":[{"embeddable":true,"href":"https:\/\/cmc.info.yorku.ca\/fr\/wp-json\/wp\/v2\/comments?post=63"}],"version-history":[{"count":3,"href":"https:\/\/cmc.info.yorku.ca\/fr\/wp-json\/wp\/v2\/pages\/63\/revisions"}],"predecessor-version":[{"id":488,"href":"https:\/\/cmc.info.yorku.ca\/fr\/wp-json\/wp\/v2\/pages\/63\/revisions\/488"}],"wp:attachment":[{"href":"https:\/\/cmc.info.yorku.ca\/fr\/wp-json\/wp\/v2\/media?parent=63"}],"curies":[{"name":"wp","href":"https:\/\/api.w.org\/{rel}","templated":true}]}}