{"id":59,"date":"2015-10-29T11:20:51","date_gmt":"2015-10-29T15:20:51","guid":{"rendered":"http:\/\/cmc.info.yorku.ca\/?page_id=59"},"modified":"2019-10-07T09:37:40","modified_gmt":"2019-10-07T13:37:40","slug":"mandat","status":"publish","type":"page","link":"https:\/\/cmc.info.yorku.ca\/fr\/mandat\/","title":{"rendered":"Mandat"},"content":{"rendered":"<p>Le Centre Canada-M\u00e9diterran\u00e9e, N706 Ross Building, est officiellement et acad\u00e9miquement li\u00e9 au D\u00e9partement d'\u00e9tudes fran\u00e7aises. Son existence est due \u00e0 un don g\u00e9n\u00e9reux du Professeur de l'Universit\u00e9 \u00c9m\u00e9rite H\u00e9di Bouraoui. En plus, il a offert tous ses livres et ses revues consacr\u00e9s \u00e0 la litt\u00e9rature francophone du Maghreb et de l'Ontario fran\u00e7ais. Il a aussi l\u00e9gu\u00e9 d'autres collections dans les domaines de l'Afrique subsaharienne, des Cara\u00efbes, du Qu\u00e9bec, et de l'Acadie. Ce Centre de recherche et de fonds biblioth\u00e9caires est le seul de ce genre au Canada. Et il n'en existe que tr\u00e8s peu en Am\u00e9rique du Nord.<\/p>\n<p>Son mandat consiste \u00e0 :<\/p>\n<ul>\n<li>Promouvoir les recherches interculturelles en litt\u00e9ratures et cultures maghr\u00e9bines et franco-ontariennes.<\/li>\n<li>Mettre \u00e0 jour la collection de livres et de revues par de nouvelles acquisitions.<\/li>\n<li>Offrir une bourse chaque ann\u00e9e \u00e0 un \u00e9tudiant (du 1<sup>er<\/sup> ou du 3<sup>\u00e8me<\/sup> cycle) qui pr\u00e9sente une excellente proposition de recherche, ou un essai en \u00c9tudes maghr\u00e9bines dans un contexte m\u00e9diterran\u00e9en.<\/li>\n<\/ul>\n<p>Le Centre a l'intention d'encourager le d\u00e9veloppement et le soutien logistique aux cours des litt\u00e9ratures maghr\u00e9bine et franco-ontarienne. Il s'agit aussi d'inviter au Centre des savants et des \u00e9crivains de l'Am\u00e9rique du Nord, de l'Europe, et du Maghreb. Le Centre organisera aussi des colloques et des conf\u00e9rences pour attirer des professeurs, des chercheurs, et les \u00e9tudiants du 3<sup>\u00e8me<\/sup> Cycle.<\/p>\n<p>Le Colloque international, \u00ab H\u00e9di Bouraoui devant la critique, \u00bb a eu lieu le 26-28 mai 2005.<\/p>\n<p>Pour tout renseignement, contactez le Centre CMC (<a href=\"mailto:cmc@yorku.ca\">cmc@yorku.ca<\/a>) ou le D\u00e9partement d'\u00e9tudes fran\u00e7aises (<a href=\"mailto:frenchl@yorku.ca\">frenchl@yorku.ca<\/a>).<\/p>\n<p>&nbsp;<\/p>\n","protected":false},"excerpt":{"rendered":"<p>Le Centre Canada-M\u00e9diterran\u00e9e, N706 Ross Building, est officiellement et acad\u00e9miquement li\u00e9 au D\u00e9partement d'\u00e9tudes fran\u00e7aises. Son existence est due \u00e0 un don g\u00e9n\u00e9reux du Professeur de l'Universit\u00e9 \u00c9m\u00e9rite H\u00e9di Bouraoui. En plus, il a offert tous ses livres et ses revues consacr\u00e9s \u00e0 la litt\u00e9rature francophone du Maghreb et de l'Ontario fran\u00e7ais. Il a aussi [&hellip;]<\/p>\n","protected":false},"author":624,"featured_media":0,"parent":0,"menu_order":0,"comment_status":"closed","ping_status":"closed","template":"","meta":{"ngg_post_thumbnail":0},"_links":{"self":[{"href":"https:\/\/cmc.info.yorku.ca\/fr\/wp-json\/wp\/v2\/pages\/59"}],"collection":[{"href":"https:\/\/cmc.info.yorku.ca\/fr\/wp-json\/wp\/v2\/pages"}],"about":[{"href":"https:\/\/cmc.info.yorku.ca\/fr\/wp-json\/wp\/v2\/types\/page"}],"author":[{"embeddable":true,"href":"https:\/\/cmc.info.yorku.ca\/fr\/wp-json\/wp\/v2\/users\/624"}],"replies":[{"embeddable":true,"href":"https:\/\/cmc.info.yorku.ca\/fr\/wp-json\/wp\/v2\/comments?post=59"}],"version-history":[{"count":3,"href":"https:\/\/cmc.info.yorku.ca\/fr\/wp-json\/wp\/v2\/pages\/59\/revisions"}],"predecessor-version":[{"id":478,"href":"https:\/\/cmc.info.yorku.ca\/fr\/wp-json\/wp\/v2\/pages\/59\/revisions\/478"}],"wp:attachment":[{"href":"https:\/\/cmc.info.yorku.ca\/fr\/wp-json\/wp\/v2\/media?parent=59"}],"curies":[{"name":"wp","href":"https:\/\/api.w.org\/{rel}","templated":true}]}}