{"id":53,"date":"2015-10-29T11:18:38","date_gmt":"2015-10-29T15:18:38","guid":{"rendered":"http:\/\/cmc.info.yorku.ca\/?page_id=53"},"modified":"2016-01-18T11:50:36","modified_gmt":"2016-01-18T16:50:36","slug":"colloque-2016","status":"publish","type":"page","link":"https:\/\/cmc.info.yorku.ca\/fr\/colloque-2016\/","title":{"rendered":"2014"},"content":{"rendered":"<p><strong>Le lancement de <em>Pluri-Culture et \u00e9crits migratoires\/ Pluri-Culture and Migrant Writings<\/em><\/strong><\/p>\n<p>Le Centre Canada-M\u00e9diterran\u00e9e (CMC) a lanc\u00e9 <strong><em>Pluri-Culture et \u00c9crits migratoires<\/em><\/strong>, textes r\u00e9unis par Elizabeth Sabiston et Robert J. Drummond, le 19 novembre 2014 \u00e0 la Librairie de l\u2019Universit\u00e9 York.<\/p>\n<p>Ces Actes du Colloque, qui a eu lieu \u00e0 l\u2019Universit\u00e9 York en 2012, comprennent 33 essais d\u2019intervenants dans ce livre pluridisciplinaire et bilingue de 560 pp., publi\u00e9 par la S\u00e9rie Monographique en Sciences Humaines, l\u2019Universit\u00e9 Laurentienne. Ce Colloque a obtenu une subvention importante de CRSH\/SSHRC, en plus de l\u2019apport de l\u2019Universit\u00e9 York.<\/p>\n<p>Les intervenants proviennent de diff\u00e9rents pays\u00a0: l\u2019Alg\u00e9rie, le Maroc, la Tunisie, le Cameroun, le S\u00e9n\u00e9gal, la France, l\u2019Italie, l\u2019Espagne, la Chine, aussi bien que des \u00c9tats-Unis et du Canada.<\/p>\n<p>Ce livre est en plus d\u2019\u00eatre universitaire\u00a0: les th\u00e9matiques de l\u2019immigration, de ses atouts et de ses faiblesses, sont aussi trait\u00e9es d\u2019une mani\u00e8re populaire.<\/p>\n<p>Vous pouvez commander directement ce livre ($35) \u00e0\u00a0:<\/p>\n<p>York University Bookstore\u00a0: <a href=\"http:\/\/www.bookstore.yorku.ca\/\">http:\/\/www.bookstore.yorku.ca<\/a><\/p>\n<p>Voici ce qu\u2019en disent les critiques\u00a0:<\/p>\n<p>\u00ab\u00a0. . . c\u2019est un ouvrage qui frappe par sa richesse et sa diversit\u00e9 \u2026 un travail scientifique approfondi et homog\u00e8ne . . . \u00e0 lire et \u00e0 relire.\u00a0\u00bb (R. Darragi, U. de Tunis)<\/p>\n<p>\u00ab\u00a0. . . la nouveaut\u00e9 de ces \u00e9crits \u00e9tant qu\u2019ils ne se bornent pas \u00e0 d\u00e9velopper le th\u00e8me de l\u2019exil mais s\u2019engagent dans des r\u00e9flexions qu\u2019on pourrait dire aussi bien essentielles et existentielles . . . .\u00a0\u00bb\u00a0\u00a0\u00a0\u00a0\u00a0\u00a0 (D. Brahimi, Sorbonne)<\/p>\n<p>\u00ab\u00a0. . . le livre t\u00e9moigne des grands soins . . . la r\u00e9partition analytique des textes par sections th\u00e9matiques permet une consultation ais\u00e9e du texte et en fait un instrument critiques tr\u00e8s exhaustif pour l\u2019\u00e9tude d\u2019un th\u00e8me si vaste tel que la litt\u00e9rature de la migration . . . .\u00a0\u00ab\u00a0 (A. Buono, U. di Napoli)<\/p>\n<p>\u00ab\u00a0 . . . doit \u00eatre lu par toutes les agences du gouvernement qui s\u2019occupent de l\u2019immigration.\u00a0\u00bb (\u00c9. Cader, CIUT, Toronto)<\/p>\n<p>&nbsp;<\/p>\n<p><strong>Colloque International \u00ab\u00a0Pluri-Culture et \u00e9crits migratoires\u00a0: Une Approche Interdisciplinaire\u00a0\u00a0\u00bb<\/strong><\/p>\n<p><strong>Universit\u00e9 York, Toronto <\/strong><\/p>\n<p><strong>17-20 mai 2012<\/strong><\/p>\n","protected":false},"excerpt":{"rendered":"<p>Le lancement de Pluri-Culture et \u00e9crits migratoires\/ Pluri-Culture and Migrant Writings Le Centre Canada-M\u00e9diterran\u00e9e (CMC) a lanc\u00e9 Pluri-Culture et \u00c9crits migratoires, textes r\u00e9unis par Elizabeth Sabiston et Robert J. Drummond, le 19 novembre 2014 \u00e0 la Librairie de l\u2019Universit\u00e9 York. Ces Actes du Colloque, qui a eu lieu \u00e0 l\u2019Universit\u00e9 York en 2012, comprennent 33 [&hellip;]<\/p>\n","protected":false},"author":624,"featured_media":0,"parent":0,"menu_order":0,"comment_status":"closed","ping_status":"closed","template":"","meta":{"ngg_post_thumbnail":0},"_links":{"self":[{"href":"https:\/\/cmc.info.yorku.ca\/fr\/wp-json\/wp\/v2\/pages\/53"}],"collection":[{"href":"https:\/\/cmc.info.yorku.ca\/fr\/wp-json\/wp\/v2\/pages"}],"about":[{"href":"https:\/\/cmc.info.yorku.ca\/fr\/wp-json\/wp\/v2\/types\/page"}],"author":[{"embeddable":true,"href":"https:\/\/cmc.info.yorku.ca\/fr\/wp-json\/wp\/v2\/users\/624"}],"replies":[{"embeddable":true,"href":"https:\/\/cmc.info.yorku.ca\/fr\/wp-json\/wp\/v2\/comments?post=53"}],"version-history":[{"count":3,"href":"https:\/\/cmc.info.yorku.ca\/fr\/wp-json\/wp\/v2\/pages\/53\/revisions"}],"predecessor-version":[{"id":325,"href":"https:\/\/cmc.info.yorku.ca\/fr\/wp-json\/wp\/v2\/pages\/53\/revisions\/325"}],"wp:attachment":[{"href":"https:\/\/cmc.info.yorku.ca\/fr\/wp-json\/wp\/v2\/media?parent=53"}],"curies":[{"name":"wp","href":"https:\/\/api.w.org\/{rel}","templated":true}]}}