{"id":119,"date":"2015-11-02T14:34:58","date_gmt":"2015-11-02T19:34:58","guid":{"rendered":"http:\/\/cmc.info.yorku.ca\/?page_id=119"},"modified":"2020-02-18T15:56:54","modified_gmt":"2020-02-18T20:56:54","slug":"editions-cmc","status":"publish","type":"page","link":"https:\/\/cmc.info.yorku.ca\/fr\/editions-cmc\/","title":{"rendered":"CMC \u00c9ditions"},"content":{"rendered":"<p>CMC \u00c9ditions publie deux collections sous la direction de Professor Elizabeth Sabiston:<\/p>\n<ul>\n<li>Nomadanse (Cr\u00e9ation)<\/li>\n<li>Mosa\u00efque (Th\u00e9orie-Critique)<\/li>\n<\/ul>\n<p>Voici nos publications les plus r\u00e9centes&nbsp;:<\/p>\n<p><strong>Tunisie-Flash - H\u00e9di Bouraoui<\/strong><\/p>\n<p><a href=\"https:\/\/cmc.info.yorku.ca\/files\/2020\/02\/Tunisie-Flash-Cover.jpg\"><img decoding=\"async\" loading=\"lazy\" class=\" wp-image-482 alignleft\" src=\"https:\/\/cmc.info.yorku.ca\/files\/2020\/02\/Tunisie-Flash-Cover-198x300.jpg\" alt=\"\" width=\"186\" height=\"282\" srcset=\"https:\/\/cmc.info.yorku.ca\/files\/2020\/02\/Tunisie-Flash-Cover-198x300.jpg 198w, https:\/\/cmc.info.yorku.ca\/files\/2020\/02\/Tunisie-Flash-Cover.jpg 511w\" sizes=\"(max-width: 186px) 100vw, 186px\" \/><\/a><\/p>\n<p>Du Nord au Sud et d\u2019Est en Ouest, de la fi\u00e8re et c\u00e9l\u00e8bre&nbsp;Dougga jusqu\u2019\u00e0&nbsp;Sidi Boulifa, en passant par Kairouan la Sainte, Sfax, Djerba et tant d\u2019autres bourgades, l\u2019auteur nous offre une \u00ab&nbsp;calligraphie&nbsp;\u00bb po\u00e9tique qui fait de ce p\u00e9riple un temps de communion avec des sc\u00e8nes de vie touchantes, croqu\u00e9es avec une d\u00e9licieuse&nbsp;justesse o\u00f9 se m\u00ealent beaut\u00e9, authenticit\u00e9, d\u00e9licatesse, humour et intelligence du c\u0153ur.<\/p>\n<p>Les paysages quant \u00e0 eux, quelquefois d\u00e9pouill\u00e9s mais c\u00e9lestes, sont en symbiose avec des \u00e9tats d\u2019\u00e2me invitant \u00e0 la spiritualit\u00e9. - Elisabeth Hammami<\/p>\n<p>&nbsp;<\/p>\n<p>&nbsp;<\/p>\n<p><strong>H\u00e9di Bouraoui : Poaimer Autrement - Abderrahman Beggar<\/strong><\/p>\n<p><a href=\"https:\/\/cmc.info.yorku.ca\/files\/2020\/02\/Beggar2019-CoverFinal_Page_1.jpg\"><img decoding=\"async\" loading=\"lazy\" class=\"wp-image-481 alignleft\" src=\"https:\/\/cmc.info.yorku.ca\/files\/2020\/02\/Beggar2019-CoverFinal_Page_1-214x300.jpg\" alt=\"\" width=\"192\" height=\"269\" srcset=\"https:\/\/cmc.info.yorku.ca\/files\/2020\/02\/Beggar2019-CoverFinal_Page_1-214x300.jpg 214w, https:\/\/cmc.info.yorku.ca\/files\/2020\/02\/Beggar2019-CoverFinal_Page_1-768x1079.jpg 768w, https:\/\/cmc.info.yorku.ca\/files\/2020\/02\/Beggar2019-CoverFinal_Page_1-724x1017.jpg 724w, https:\/\/cmc.info.yorku.ca\/files\/2020\/02\/Beggar2019-CoverFinal_Page_1.jpg 1187w\" sizes=\"(max-width: 192px) 100vw, 192px\" \/><\/a><\/p>\n<p>Pendant toutes ces ann\u00e9es, Bouraoui a continu\u00e9 \u00e0 \u00e9crire des po\u00e8mes qui ne cessent de surprendre tant par leur originalit\u00e9 que par leur verve.&nbsp;L\u2019initi\u00e9 sait bien que chez cet iconoclaste les fronti\u00e8res g\u00e9n\u00e9riques sont constamment contest\u00e9es tant sur le plan du contenu que celui de la forme, un lien organique existe entre po\u00e9sie et prose. Le&nbsp;\u00ab po\u00e8me-essai \u00bb ou encore le \u00ab pros\u00e8me \u00bb ou le \u00ab narrato\u00e8me \u00bb, le&nbsp;\u00ab romanpo\u00e8me \u00bb, la \u00ab biopo\u00e9sie \u00bb (et bien d\u2019autres innovations) sont des manifestations d\u2019une telle volont\u00e9. Ces compositions sont autant d\u2019affluents qui nourrissent de leurs flots les torrents d\u2019une \u0153uvre qui m\u00e9rite tout \u00e9loge.<\/p>\n<p>&nbsp;<\/p>\n<p>&nbsp;<\/p>\n<p><strong>Passerelles - H\u00e9di Bouraoui<\/strong><\/p>\n<p><a href=\"http:\/\/cmc.info.yorku.ca\/files\/2018\/10\/Passerelles-Cover.jpg\"><img decoding=\"async\" loading=\"lazy\" class=\"wp-image-470 alignleft\" src=\"http:\/\/cmc.info.yorku.ca\/files\/2018\/10\/Passerelles-Cover-205x300.jpg\" alt=\"\" width=\"150\" height=\"220\" srcset=\"https:\/\/cmc.info.yorku.ca\/files\/2018\/10\/Passerelles-Cover-205x300.jpg 205w, https:\/\/cmc.info.yorku.ca\/files\/2018\/10\/Passerelles-Cover-768x1124.jpg 768w, https:\/\/cmc.info.yorku.ca\/files\/2018\/10\/Passerelles-Cover-724x1060.jpg 724w, https:\/\/cmc.info.yorku.ca\/files\/2018\/10\/Passerelles-Cover.jpg 1086w\" sizes=\"(max-width: 150px) 100vw, 150px\" \/><\/a>La parole de l\u2019auteur de <em>Passerelles <\/em>rappelle celle de tous les M\u00e9diterran\u00e9ens de l\u2019histoire qui ont travers\u00e9 le monde, \u00e0 la recherche de leur vie, du pain, de l\u2019eau, de leur pr\u00e9sence. H\u00e9di Bouraoui se situe sur la lign\u00e9e d\u2019Hom\u00e8re. Il chante l\u2019histoire dans le pr\u00e9sent, le pass\u00e9 dans l\u2019au jour le jour.<br \/>\nVivre en po\u00e9sie&nbsp;: c\u2019est l\u2019annonce de Bouraoui<em>. <\/em>La po\u00e9sie comme exp\u00e9rience, pour avoir un sens de l\u2019avenir. Po\u00e9sie comme insurrection. Nostalgie de la beaut\u00e9. Vivre le monde en po\u00e9sie. Respecter la symphonie de la terre.<br \/>\n\u00c9coutons-le, en lisant ce livre. Nous apprendrons que la vraie po\u00e9sie est peut-\u00eatre le seul chemin d\u2019insurrection qui nous reste. \u2014 Mario Selvaggio, Universit\u00e9 de Cagliari, Italie.<\/p>\n<p>Pour une liste compl\u00e8te de nos publications, veuillez consulter notre <a href=\"http:\/\/cmc.info.yorku.ca\/files\/2015\/11\/PDF-Catalogue-2017.pdf\">catalogue<\/a>. Plusieurs de nos publications sont disponibles en pdf.<\/p>\n<p><a href=\"http:\/\/cmc.info.yorku.ca\/files\/2015\/11\/CMC-Editions-Order-Form-Bon-de-Commande.pdf\" target=\"_blank\" rel=\"noopener noreferrer\">Bon de commande.<\/a><\/p>\n<p>On peut commander nos livres par la poste (voir les informations dans notre catalogue), ou en ligne de la <a href=\"http:\/\/www.bookstore.yorku.ca\/shop_product_list.asp?catalog_group_id=Mg&amp;catalog_group_name=R2VuZXJhbCBCb29rcw&amp;catalog_id=62&amp;catalog_name=Q2FuYWRhLU1lZGl0ZXJyYW5lYW4gQ2VudHJl\" target=\"_blank\" rel=\"noopener noreferrer\"><u>York University Bookstore<\/u><\/a>.<\/p>\n","protected":false},"excerpt":{"rendered":"<p>CMC \u00c9ditions publie deux collections sous la direction de Professor Elizabeth Sabiston: Nomadanse (Cr\u00e9ation) Mosa\u00efque (Th\u00e9orie-Critique) Voici nos publications les plus r\u00e9centes&nbsp;: Tunisie-Flash - H\u00e9di Bouraoui Du Nord au Sud et d\u2019Est en Ouest, de la fi\u00e8re et c\u00e9l\u00e8bre&nbsp;Dougga jusqu\u2019\u00e0&nbsp;Sidi Boulifa, en passant par Kairouan la Sainte, Sfax, Djerba et tant d\u2019autres bourgades, l\u2019auteur nous [&hellip;]<\/p>\n","protected":false},"author":624,"featured_media":0,"parent":0,"menu_order":0,"comment_status":"closed","ping_status":"closed","template":"","meta":{"ngg_post_thumbnail":0},"_links":{"self":[{"href":"https:\/\/cmc.info.yorku.ca\/fr\/wp-json\/wp\/v2\/pages\/119"}],"collection":[{"href":"https:\/\/cmc.info.yorku.ca\/fr\/wp-json\/wp\/v2\/pages"}],"about":[{"href":"https:\/\/cmc.info.yorku.ca\/fr\/wp-json\/wp\/v2\/types\/page"}],"author":[{"embeddable":true,"href":"https:\/\/cmc.info.yorku.ca\/fr\/wp-json\/wp\/v2\/users\/624"}],"replies":[{"embeddable":true,"href":"https:\/\/cmc.info.yorku.ca\/fr\/wp-json\/wp\/v2\/comments?post=119"}],"version-history":[{"count":2,"href":"https:\/\/cmc.info.yorku.ca\/fr\/wp-json\/wp\/v2\/pages\/119\/revisions"}],"predecessor-version":[{"id":485,"href":"https:\/\/cmc.info.yorku.ca\/fr\/wp-json\/wp\/v2\/pages\/119\/revisions\/485"}],"wp:attachment":[{"href":"https:\/\/cmc.info.yorku.ca\/fr\/wp-json\/wp\/v2\/media?parent=119"}],"curies":[{"name":"wp","href":"https:\/\/api.w.org\/{rel}","templated":true}]}}